{"id":36,"date":"2017-12-28T22:19:17","date_gmt":"2017-12-28T22:19:17","guid":{"rendered":"https:\/\/fcx3.com\/es\/?page_id=36"},"modified":"2019-04-18T10:03:16","modified_gmt":"2019-04-18T15:03:16","slug":"sobre-la-empresa","status":"publish","type":"page","link":"https:\/\/www.fcx3.com\/es\/sobre-la-empresa\/","title":{"rendered":"Sobre La Empresa"},"content":{"rendered":"<h1><img decoding=\"async\" class=\"alignnone size-large wp-image-186 aligncenter\" src=\"https:\/\/fcx3.com\/es\/wp-content\/uploads\/2018\/01\/iStock-859469262-min-2-1024x503.jpg\" alt=\"\" width=\"1024\" height=\"503\" srcset=\"https:\/\/www.fcx3.com\/es\/wp-content\/uploads\/2018\/01\/iStock-859469262-min-2-200x98.jpg 200w, https:\/\/www.fcx3.com\/es\/wp-content\/uploads\/2018\/01\/iStock-859469262-min-2-300x147.jpg 300w, https:\/\/www.fcx3.com\/es\/wp-content\/uploads\/2018\/01\/iStock-859469262-min-2-400x197.jpg 400w, https:\/\/www.fcx3.com\/es\/wp-content\/uploads\/2018\/01\/iStock-859469262-min-2-600x295.jpg 600w, https:\/\/www.fcx3.com\/es\/wp-content\/uploads\/2018\/01\/iStock-859469262-min-2-768x377.jpg 768w, https:\/\/www.fcx3.com\/es\/wp-content\/uploads\/2018\/01\/iStock-859469262-min-2-800x393.jpg 800w, https:\/\/www.fcx3.com\/es\/wp-content\/uploads\/2018\/01\/iStock-859469262-min-2-1024x503.jpg 1024w, https:\/\/www.fcx3.com\/es\/wp-content\/uploads\/2018\/01\/iStock-859469262-min-2-1200x590.jpg 1200w, https:\/\/www.fcx3.com\/es\/wp-content\/uploads\/2018\/01\/iStock-859469262-min-2.jpg 2470w\" sizes=\"(max-width: 1024px) 100vw, 1024px\" \/><\/h1>\n<h1 style=\"text-align: center;\">VALVULAS &amp; CONTROLES<br \/>\nPARA SERVICIO SEVERO<\/h1>\n<h3 style=\"text-align: center;\" data-lineheight=\"39\" data-fontsize=\"26\">SOLUCIONES A LA MEDIDA<\/h3>\n<p>FCX3 INC. ,tambien conocida como FCX3 USA V\u00e1lvulas y Controles, es una empresa fabricante de v\u00e1lvulas, controles y tecnolog\u00eda basada en Houston, TX [Estados Unidos], con sedes domesticas e internacionales donde nos entusiasma el proveer productos, servicios e ingenier\u00eda de la mas alta calidad.<\/p>\n<p>Nuestro objetivo y misi\u00f3n es ofrecer productos de calidad para proyectos Capitales y\/o de MRO (Mantenimiento, Reparacion y Operaci\u00f3n). Lo que hace \u00fanico a las soluciones de FCX3, es nuestro extenso conocimiento en manufactura de productos de alta calidad, red estrat\u00e9gicas de suplidores, y nuestra versatilidad de apoyar con v\u00e1lvulas, automatizaci\u00f3n, instrumentaci\u00f3n, soluciones especializadas industriales hechas a la medida que nos permiten proveer las necesidades de nuestros clientes. Apoyamos los emprendimientos de\u00a0nuevas expansiones de instalaciones, actualizaciones y\/o mantenimiento con el fin de proporcionar seguridad, reducci\u00f3n de costos, soluciones de suministro y optimizaci\u00f3n de procesos.<\/p>\n<p>Somos una empresa especializada en proveer v\u00e1lvulas\u00a0especializadas de alta gama de ingenier\u00eda y servicio donde estamos enfocados\u00a0a la necesidad de nuestros clientes y sus proyectos a la medida.<\/p>\n<p>Cubrimos aplicaciones en procesos en las industrias de petr\u00f3leo &amp; gas, miner\u00eda, generaci\u00f3n de energ\u00eda, mar\u00edtima, comida, alimentos, aerospace &amp; procesos industriales especializados.<\/p>\n<p>&nbsp;<\/p>\n","protected":false},"excerpt":{"rendered":"<p>VALVULAS &amp; CONTROLES PARA SERVICIO SEVERO SOLUCIONES A LA MEDIDA FCX3 INC. ,tambien conocida como FCX3 USA V\u00e1lvulas y Controles, [&hellip;]<\/p>\n","protected":false},"author":1,"featured_media":0,"parent":0,"menu_order":0,"comment_status":"closed","ping_status":"closed","template":"","meta":{"footnotes":""},"class_list":["post-36","page","type-page","status-publish","hentry"],"yoast_head":"<!-- This site is optimized with the Yoast SEO plugin v27.4 - https:\/\/yoast.com\/product\/yoast-seo-wordpress\/ -->\n<title>Sobre La Empresa - FCX3&reg; V&aacute;lvulas y Controles<\/title>\n<meta name=\"description\" content=\"FCX3 INC. es una empresa fabricante de v\u00e1lvulas, controles y tecnolog\u00eda basada en Houston, TX [Estados Unidos], con sedes domesticas e internacionales donde nos entusiasma el proveer productos, servicios,\u00a0ingenier\u00eda y log\u00edstica de la mas alta calidad.\" \/>\n<meta name=\"robots\" content=\"index, follow, max-snippet:-1, max-image-preview:large, max-video-preview:-1\" \/>\n<link rel=\"canonical\" href=\"https:\/\/www.fcx3.com\/es\/sobre-la-empresa\/\" \/>\n<meta property=\"og:locale\" content=\"es_ES\" \/>\n<meta property=\"og:type\" content=\"article\" \/>\n<meta property=\"og:title\" content=\"Sobre La Empresa - FCX3&reg; V&aacute;lvulas y Controles\" \/>\n<meta property=\"og:description\" content=\"FCX3 INC. es una empresa fabricante de v\u00e1lvulas, controles y tecnolog\u00eda basada en Houston, TX [Estados Unidos], con sedes domesticas e internacionales donde nos entusiasma el proveer productos, servicios,\u00a0ingenier\u00eda y log\u00edstica de la mas alta calidad.\" \/>\n<meta property=\"og:url\" content=\"https:\/\/www.fcx3.com\/es\/sobre-la-empresa\/\" \/>\n<meta property=\"og:site_name\" content=\"FCX3&reg; V&aacute;lvulas y Controles\" \/>\n<meta property=\"article:modified_time\" content=\"2019-04-18T15:03:16+00:00\" \/>\n<meta property=\"og:image\" content=\"https:\/\/fcx3.com\/es\/wp-content\/uploads\/2018\/01\/iStock-859469262-min-2-1024x503.jpg\" \/>\n<meta name=\"twitter:card\" content=\"summary_large_image\" \/>\n<meta name=\"twitter:label1\" content=\"Tiempo de lectura\" \/>\n\t<meta name=\"twitter:data1\" content=\"1 minuto\" \/>\n<script type=\"application\/ld+json\" class=\"yoast-schema-graph\">{\"@context\":\"https:\\\/\\\/schema.org\",\"@graph\":[{\"@type\":\"WebPage\",\"@id\":\"https:\\\/\\\/www.fcx3.com\\\/es\\\/sobre-la-empresa\\\/\",\"url\":\"https:\\\/\\\/www.fcx3.com\\\/es\\\/sobre-la-empresa\\\/\",\"name\":\"Sobre La Empresa - FCX3&reg; V&aacute;lvulas y Controles\",\"isPartOf\":{\"@id\":\"https:\\\/\\\/www.fcx3.com\\\/es\\\/#website\"},\"primaryImageOfPage\":{\"@id\":\"https:\\\/\\\/www.fcx3.com\\\/es\\\/sobre-la-empresa\\\/#primaryimage\"},\"image\":{\"@id\":\"https:\\\/\\\/www.fcx3.com\\\/es\\\/sobre-la-empresa\\\/#primaryimage\"},\"thumbnailUrl\":\"https:\\\/\\\/fcx3.com\\\/es\\\/wp-content\\\/uploads\\\/2018\\\/01\\\/iStock-859469262-min-2-1024x503.jpg\",\"datePublished\":\"2017-12-28T22:19:17+00:00\",\"dateModified\":\"2019-04-18T15:03:16+00:00\",\"description\":\"FCX3 INC. es una empresa fabricante de v\u00e1lvulas, controles y tecnolog\u00eda basada en Houston, TX [Estados Unidos], con sedes domesticas e internacionales donde nos entusiasma el proveer productos, servicios,\u00a0ingenier\u00eda y log\u00edstica de la mas alta calidad.\",\"breadcrumb\":{\"@id\":\"https:\\\/\\\/www.fcx3.com\\\/es\\\/sobre-la-empresa\\\/#breadcrumb\"},\"inLanguage\":\"es-CO\",\"potentialAction\":[{\"@type\":\"ReadAction\",\"target\":[\"https:\\\/\\\/www.fcx3.com\\\/es\\\/sobre-la-empresa\\\/\"]}]},{\"@type\":\"ImageObject\",\"inLanguage\":\"es-CO\",\"@id\":\"https:\\\/\\\/www.fcx3.com\\\/es\\\/sobre-la-empresa\\\/#primaryimage\",\"url\":\"https:\\\/\\\/fcx3.com\\\/es\\\/wp-content\\\/uploads\\\/2018\\\/01\\\/iStock-859469262-min-2-1024x503.jpg\",\"contentUrl\":\"https:\\\/\\\/fcx3.com\\\/es\\\/wp-content\\\/uploads\\\/2018\\\/01\\\/iStock-859469262-min-2-1024x503.jpg\"},{\"@type\":\"BreadcrumbList\",\"@id\":\"https:\\\/\\\/www.fcx3.com\\\/es\\\/sobre-la-empresa\\\/#breadcrumb\",\"itemListElement\":[{\"@type\":\"ListItem\",\"position\":1,\"name\":\"Home\",\"item\":\"https:\\\/\\\/www.fcx3.com\\\/es\\\/\"},{\"@type\":\"ListItem\",\"position\":2,\"name\":\"Sobre La Empresa\"}]},{\"@type\":\"WebSite\",\"@id\":\"https:\\\/\\\/www.fcx3.com\\\/es\\\/#website\",\"url\":\"https:\\\/\\\/www.fcx3.com\\\/es\\\/\",\"name\":\"FCX3&reg; V&aacute;lvulas y Controles\",\"description\":\"V&aacute;lvulas y controles resistentes, fabricados para durar. &trade;\",\"potentialAction\":[{\"@type\":\"SearchAction\",\"target\":{\"@type\":\"EntryPoint\",\"urlTemplate\":\"https:\\\/\\\/www.fcx3.com\\\/es\\\/?s={search_term_string}\"},\"query-input\":{\"@type\":\"PropertyValueSpecification\",\"valueRequired\":true,\"valueName\":\"search_term_string\"}}],\"inLanguage\":\"es-CO\"}]}<\/script>\n<!-- \/ Yoast SEO plugin. -->","yoast_head_json":{"title":"Sobre La Empresa - FCX3&reg; V&aacute;lvulas y Controles","description":"FCX3 INC. es una empresa fabricante de v\u00e1lvulas, controles y tecnolog\u00eda basada en Houston, TX [Estados Unidos], con sedes domesticas e internacionales donde nos entusiasma el proveer productos, servicios,\u00a0ingenier\u00eda y log\u00edstica de la mas alta calidad.","robots":{"index":"index","follow":"follow","max-snippet":"max-snippet:-1","max-image-preview":"max-image-preview:large","max-video-preview":"max-video-preview:-1"},"canonical":"https:\/\/www.fcx3.com\/es\/sobre-la-empresa\/","og_locale":"es_ES","og_type":"article","og_title":"Sobre La Empresa - FCX3&reg; V&aacute;lvulas y Controles","og_description":"FCX3 INC. es una empresa fabricante de v\u00e1lvulas, controles y tecnolog\u00eda basada en Houston, TX [Estados Unidos], con sedes domesticas e internacionales donde nos entusiasma el proveer productos, servicios,\u00a0ingenier\u00eda y log\u00edstica de la mas alta calidad.","og_url":"https:\/\/www.fcx3.com\/es\/sobre-la-empresa\/","og_site_name":"FCX3&reg; V&aacute;lvulas y Controles","article_modified_time":"2019-04-18T15:03:16+00:00","og_image":[{"url":"https:\/\/fcx3.com\/es\/wp-content\/uploads\/2018\/01\/iStock-859469262-min-2-1024x503.jpg","type":"","width":"","height":""}],"twitter_card":"summary_large_image","twitter_misc":{"Tiempo de lectura":"1 minuto"},"schema":{"@context":"https:\/\/schema.org","@graph":[{"@type":"WebPage","@id":"https:\/\/www.fcx3.com\/es\/sobre-la-empresa\/","url":"https:\/\/www.fcx3.com\/es\/sobre-la-empresa\/","name":"Sobre La Empresa - FCX3&reg; V&aacute;lvulas y Controles","isPartOf":{"@id":"https:\/\/www.fcx3.com\/es\/#website"},"primaryImageOfPage":{"@id":"https:\/\/www.fcx3.com\/es\/sobre-la-empresa\/#primaryimage"},"image":{"@id":"https:\/\/www.fcx3.com\/es\/sobre-la-empresa\/#primaryimage"},"thumbnailUrl":"https:\/\/fcx3.com\/es\/wp-content\/uploads\/2018\/01\/iStock-859469262-min-2-1024x503.jpg","datePublished":"2017-12-28T22:19:17+00:00","dateModified":"2019-04-18T15:03:16+00:00","description":"FCX3 INC. es una empresa fabricante de v\u00e1lvulas, controles y tecnolog\u00eda basada en Houston, TX [Estados Unidos], con sedes domesticas e internacionales donde nos entusiasma el proveer productos, servicios,\u00a0ingenier\u00eda y log\u00edstica de la mas alta calidad.","breadcrumb":{"@id":"https:\/\/www.fcx3.com\/es\/sobre-la-empresa\/#breadcrumb"},"inLanguage":"es-CO","potentialAction":[{"@type":"ReadAction","target":["https:\/\/www.fcx3.com\/es\/sobre-la-empresa\/"]}]},{"@type":"ImageObject","inLanguage":"es-CO","@id":"https:\/\/www.fcx3.com\/es\/sobre-la-empresa\/#primaryimage","url":"https:\/\/fcx3.com\/es\/wp-content\/uploads\/2018\/01\/iStock-859469262-min-2-1024x503.jpg","contentUrl":"https:\/\/fcx3.com\/es\/wp-content\/uploads\/2018\/01\/iStock-859469262-min-2-1024x503.jpg"},{"@type":"BreadcrumbList","@id":"https:\/\/www.fcx3.com\/es\/sobre-la-empresa\/#breadcrumb","itemListElement":[{"@type":"ListItem","position":1,"name":"Home","item":"https:\/\/www.fcx3.com\/es\/"},{"@type":"ListItem","position":2,"name":"Sobre La Empresa"}]},{"@type":"WebSite","@id":"https:\/\/www.fcx3.com\/es\/#website","url":"https:\/\/www.fcx3.com\/es\/","name":"FCX3&reg; V&aacute;lvulas y Controles","description":"V&aacute;lvulas y controles resistentes, fabricados para durar. &trade;","potentialAction":[{"@type":"SearchAction","target":{"@type":"EntryPoint","urlTemplate":"https:\/\/www.fcx3.com\/es\/?s={search_term_string}"},"query-input":{"@type":"PropertyValueSpecification","valueRequired":true,"valueName":"search_term_string"}}],"inLanguage":"es-CO"}]}},"_links":{"self":[{"href":"https:\/\/www.fcx3.com\/es\/wp-json\/wp\/v2\/pages\/36","targetHints":{"allow":["GET"]}}],"collection":[{"href":"https:\/\/www.fcx3.com\/es\/wp-json\/wp\/v2\/pages"}],"about":[{"href":"https:\/\/www.fcx3.com\/es\/wp-json\/wp\/v2\/types\/page"}],"author":[{"embeddable":true,"href":"https:\/\/www.fcx3.com\/es\/wp-json\/wp\/v2\/users\/1"}],"replies":[{"embeddable":true,"href":"https:\/\/www.fcx3.com\/es\/wp-json\/wp\/v2\/comments?post=36"}],"version-history":[{"count":15,"href":"https:\/\/www.fcx3.com\/es\/wp-json\/wp\/v2\/pages\/36\/revisions"}],"predecessor-version":[{"id":363,"href":"https:\/\/www.fcx3.com\/es\/wp-json\/wp\/v2\/pages\/36\/revisions\/363"}],"wp:attachment":[{"href":"https:\/\/www.fcx3.com\/es\/wp-json\/wp\/v2\/media?parent=36"}],"curies":[{"name":"wp","href":"https:\/\/api.w.org\/{rel}","templated":true}]}}