{"id":9,"date":"2017-12-27T23:37:29","date_gmt":"2017-12-27T23:37:29","guid":{"rendered":"https:\/\/fcx3.com\/es\/?page_id=9"},"modified":"2018-02-24T15:38:48","modified_gmt":"2018-02-24T20:38:48","slug":"contacto","status":"publish","type":"page","link":"https:\/\/www.fcx3.com\/es\/contacto\/","title":{"rendered":"Contacto"},"content":{"rendered":"<p><div class=\"fusion-fullwidth fullwidth-box fusion-builder-row-1 nonhundred-percent-fullwidth non-hundred-percent-height-scrolling\" style=\"background-color: rgba(255,255,255,0);background-position: center center;background-repeat: no-repeat;padding-top:0px;padding-right:0px;padding-bottom:0px;padding-left:0px;margin-bottom: 0px;margin-top: 0px;border-width: 0px 0px 0px 0px;border-color:#eae9e9;border-style:solid;\" ><div class=\"fusion-builder-row fusion-row\"><div class=\"fusion-layout-column fusion_builder_column fusion-builder-column-0 fusion_builder_column_1_1 1_1 fusion-one-full fusion-column-first fusion-column-last\" style=\"margin-top:0px;margin-bottom:20px;\"><div class=\"fusion-column-wrapper fusion-flex-column-wrapper-legacy\" style=\"background-position:left top;background-repeat:no-repeat;-webkit-background-size:cover;-moz-background-size:cover;-o-background-size:cover;background-size:cover;padding: 0px 0px 0px 0px;\"><div class=\"imageframe-align-center\"><span class=\" fusion-imageframe imageframe-none imageframe-1 hover-type-zoomin\"><img decoding=\"async\" width=\"1042\" height=\"556\" alt=\"FCX3 WORLD\" title=\"FCX3 WORLD\" src=\"https:\/\/fcx3.com\/es\/wp-content\/uploads\/2018\/01\/mapamundi.png\" class=\"img-responsive wp-image-128\" srcset=\"https:\/\/www.fcx3.com\/es\/wp-content\/uploads\/2018\/01\/mapamundi-200x107.png 200w, https:\/\/www.fcx3.com\/es\/wp-content\/uploads\/2018\/01\/mapamundi-400x213.png 400w, https:\/\/www.fcx3.com\/es\/wp-content\/uploads\/2018\/01\/mapamundi-600x320.png 600w, https:\/\/www.fcx3.com\/es\/wp-content\/uploads\/2018\/01\/mapamundi-800x427.png 800w, https:\/\/www.fcx3.com\/es\/wp-content\/uploads\/2018\/01\/mapamundi.png 1042w\" sizes=\"(max-width: 800px) 100vw, 1042px\" \/><\/span><\/div><div class=\"fusion-clearfix\"><\/div><\/div><\/div><\/div><\/div><div class=\"fusion-fullwidth fullwidth-box fusion-builder-row-2 hundred-percent-fullwidth non-hundred-percent-height-scrolling\" style=\"background-color: rgba(255,255,255,0);background-position: center center;background-repeat: no-repeat;padding-top:0px;padding-right:0px;padding-bottom:0px;padding-left:0px;margin-bottom: 0px;margin-top: 0px;border-width: 0px 0px 0px 0px;border-color:#eae9e9;border-style:solid;\" ><div class=\"fusion-builder-row fusion-row\"><div class=\"fusion-layout-column fusion_builder_column fusion-builder-column-1 fusion_builder_column_1_1 1_1 fusion-one-full fusion-column-first fusion-column-last\" style=\"margin-top:0px;margin-bottom:20px;\"><div class=\"fusion-column-wrapper fusion-flex-column-wrapper-legacy\" style=\"background-position:left top;background-repeat:no-repeat;-webkit-background-size:cover;-moz-background-size:cover;-o-background-size:cover;background-size:cover;padding: 0px 0px 0px 0px;\">\t\t\t\t\t<script type=\"text\/javascript\">\n\t\t\t\t\t\tvar map_fusion_map_69e300fe17206;\n\t\t\t\t\t\tvar markers = [];\n\t\t\t\t\t\tvar counter = 0;\n\t\t\t\t\t\t\t\t\t\t\t\t\t\t\t\t\t\t\t\tvar fusionMapNonce = '75feabc1f2';\n\t\t\t\t\t\t\t\t\t\t\t\tfunction fusion_run_map_fusion_map_69e300fe17206() {\n\t\t\t\t\t\t\tjQuery('#fusion_map_69e300fe17206').fusion_maps({\n\t\t\t\t\t\t\t\taddresses: [{\"address\":\"29.7499794,-95.4833292\",\"infobox_content\":\"5850 San Felipe St # 500\\nHouston, TX \",\"coordinates\":false,\"cache\":true,\"latitude\":\"29.7505706\",\"longitude\":\"-95.48334460000001\"}],\n\t\t\t\t\t\t\t\tanimations: false,\n\t\t\t\t\t\t\t\tinfobox_background_color: '',\n\t\t\t\t\t\t\t\tinfobox_styling: 'default',\n\t\t\t\t\t\t\t\tinfobox_text_color: '',\n\t\t\t\t\t\t\t\tmap_style: 'custom',\n\t\t\t\t\t\t\t\tmap_type: 'roadmap',\n\t\t\t\t\t\t\t\tmarker_icon: '',\n\t\t\t\t\t\t\t\toverlay_color: '#6b6b6b',\n\t\t\t\t\t\t\t\toverlay_color_hsl: {\"hue\":0,\"sat\":0,\"lum\":42},\n\t\t\t\t\t\t\t\tpan_control: true,\n\t\t\t\t\t\t\t\tshow_address: true,\n\t\t\t\t\t\t\t\tscale_control: true,\n\t\t\t\t\t\t\t\tscrollwheel: true,\n\t\t\t\t\t\t\t\tzoom: 14,\n\t\t\t\t\t\t\t\tzoom_control: true,\n\t\t\t\t\t\t\t});\n\t\t\t\t\t\t}\n\n\t\t\t\t\t\tgoogle.maps.event.addDomListener(window, 'load', fusion_run_map_fusion_map_69e300fe17206);\n\t\t\t\t\t<\/script>\n\t\t\t\t\t<div class=\"shortcode-map fusion-google-map fusion-maps-js-type\" id=\"fusion_map_69e300fe17206\" style=\"height:400px;width:100%;\"><\/div><div class=\"fusion-clearfix\"><\/div><\/div><\/div><\/div><\/div><div class=\"fusion-fullwidth fullwidth-box fusion-builder-row-3 nonhundred-percent-fullwidth non-hundred-percent-height-scrolling\" style=\"background-color: rgba(255,255,255,0);background-position: center center;background-repeat: no-repeat;padding-top:0px;padding-right:0px;padding-bottom:0px;padding-left:0px;margin-bottom: 0px;margin-top: 0px;border-width: 0px 0px 0px 0px;border-color:#eae9e9;border-style:solid;\" ><div class=\"fusion-builder-row fusion-row\"><div class=\"fusion-layout-column fusion_builder_column fusion-builder-column-2 fusion_builder_column_1_1 1_1 fusion-one-full fusion-column-first fusion-column-last\" style=\"margin-top:0px;margin-bottom:20px;\"><div class=\"fusion-column-wrapper fusion-flex-column-wrapper-legacy\" style=\"background-position:left top;background-repeat:no-repeat;-webkit-background-size:cover;-moz-background-size:cover;-o-background-size:cover;background-size:cover;padding: 0px 0px 0px 0px;\"><div class=\"fusion-text fusion-text-1\"><h1>INFORMACI\u00d3N DE CONTACTO<\/h1>\n<p>FCX3 INC.<br \/>\n5850 SAN FELIPE ST # 500<br \/>\nHOUSTON TX 77057<br \/>\nUNITED STATES<br \/>\nE: info@fcx3.com<br \/>\nD: +1-832-987-3494<\/p>\n<h1>FORMULARIO DE CONTACTO<\/h1>\n<\/div>\n<div class=\"wpcf7 no-js\" id=\"wpcf7-f126-o1\" lang=\"es-CO\" dir=\"ltr\" data-wpcf7-id=\"126\">\n<div class=\"screen-reader-response\"><p role=\"status\" aria-live=\"polite\" aria-atomic=\"true\"><\/p> <ul><\/ul><\/div>\n<form action=\"\/es\/wp-json\/wp\/v2\/pages\/9#wpcf7-f126-o1\" method=\"post\" class=\"wpcf7-form init\" aria-label=\"Formulario de contacto\" novalidate=\"novalidate\" data-status=\"init\">\n<fieldset class=\"hidden-fields-container\"><input type=\"hidden\" name=\"_wpcf7\" value=\"126\" \/><input type=\"hidden\" name=\"_wpcf7_version\" value=\"6.1.5\" \/><input type=\"hidden\" name=\"_wpcf7_locale\" value=\"es_CO\" \/><input type=\"hidden\" name=\"_wpcf7_unit_tag\" value=\"wpcf7-f126-o1\" \/><input type=\"hidden\" name=\"_wpcf7_container_post\" value=\"0\" \/><input type=\"hidden\" name=\"_wpcf7_posted_data_hash\" value=\"\" \/><input type=\"hidden\" name=\"_wpcf7_recaptcha_response\" value=\"\" \/>\n<\/fieldset>\n<p><label> NOMBRE *<br \/>\n<span class=\"wpcf7-form-control-wrap\" data-name=\"your-name\"><input size=\"40\" maxlength=\"400\" class=\"wpcf7-form-control wpcf7-text wpcf7-validates-as-required\" aria-required=\"true\" aria-invalid=\"false\" value=\"\" type=\"text\" name=\"your-name\" \/><\/span> <\/label>\n<\/p>\n<p><label> CORREO ELECTR\u00d3NICO *<br \/>\n<span class=\"wpcf7-form-control-wrap\" data-name=\"your-email\"><input size=\"40\" maxlength=\"400\" class=\"wpcf7-form-control wpcf7-email wpcf7-validates-as-required wpcf7-text wpcf7-validates-as-email\" aria-required=\"true\" aria-invalid=\"false\" value=\"\" type=\"email\" name=\"your-email\" \/><\/span> <\/label>\n<\/p>\n<p><label> TEL\u00c9FONO (INCLUIR C\u00d3DIGO DE \u00c1REA - C\u00d3DIGO DE PA\u00cdS) *<br \/>\n<span class=\"wpcf7-form-control-wrap\" data-name=\"phone-name\"><input size=\"40\" maxlength=\"400\" class=\"wpcf7-form-control wpcf7-text wpcf7-validates-as-required\" aria-required=\"true\" aria-invalid=\"false\" value=\"\" type=\"text\" name=\"phone-name\" \/><\/span> <\/label>\n<\/p>\n<p><label> NOMBRE DE EMPRESA<br \/>\n<span class=\"wpcf7-form-control-wrap\" data-name=\"business-name\"><input size=\"40\" maxlength=\"400\" class=\"wpcf7-form-control wpcf7-text\" aria-invalid=\"false\" value=\"\" type=\"text\" name=\"business-name\" \/><\/span> <\/label>\n<\/p>\n<p><label> T\u00cdTULO<br \/>\n<span class=\"wpcf7-form-control-wrap\" data-name=\"title-name\"><input size=\"40\" maxlength=\"400\" class=\"wpcf7-form-control wpcf7-text\" aria-invalid=\"false\" value=\"\" type=\"text\" name=\"title-name\" \/><\/span> <\/label>\n<\/p>\n<p><label> NOMBRE DE PROYECTO<br \/>\n<span class=\"wpcf7-form-control-wrap\" data-name=\"project-name\"><input size=\"40\" maxlength=\"400\" class=\"wpcf7-form-control wpcf7-text\" aria-invalid=\"false\" value=\"\" type=\"text\" name=\"project-name\" \/><\/span> <\/label>\n<\/p>\n<p><label> DESTINO FINAL (PA\u00cdS)<br \/>\n<span class=\"wpcf7-form-control-wrap\" data-name=\"country-name\"><input size=\"40\" maxlength=\"400\" class=\"wpcf7-form-control wpcf7-text\" aria-invalid=\"false\" value=\"\" type=\"text\" name=\"country-name\" \/><\/span> <\/label>\n<\/p>\n<p><label> INDUSTRIA<br \/>\n<span class=\"wpcf7-form-control-wrap\" data-name=\"industry-name\"><input size=\"40\" maxlength=\"400\" class=\"wpcf7-form-control wpcf7-text\" aria-invalid=\"false\" value=\"\" type=\"text\" name=\"industry-name\" \/><\/span> <\/label>\n<\/p>\n<p><label> FLUIDO<br \/>\n<span class=\"wpcf7-form-control-wrap\" data-name=\"fluid-name\"><input size=\"40\" maxlength=\"400\" class=\"wpcf7-form-control wpcf7-text\" aria-invalid=\"false\" value=\"\" type=\"text\" name=\"fluid-name\" \/><\/span> <\/label>\n<\/p>\n<p><label> PRESI\u00d3N (MIN \/ MAX)<br \/>\n<span class=\"wpcf7-form-control-wrap\" data-name=\"pressure-name\"><input size=\"40\" maxlength=\"400\" class=\"wpcf7-form-control wpcf7-text\" aria-invalid=\"false\" value=\"\" type=\"text\" name=\"pressure-name\" \/><\/span> <\/label>\n<\/p>\n<p><label> TEMPERATURA<br \/>\n<span class=\"wpcf7-form-control-wrap\" data-name=\"temp-name\"><input size=\"40\" maxlength=\"400\" class=\"wpcf7-form-control wpcf7-text\" aria-invalid=\"false\" value=\"\" type=\"text\" name=\"temp-name\" \/><\/span> <\/label>\n<\/p>\n<p><label> MENSAJE *<br \/>\n<span class=\"wpcf7-form-control-wrap\" data-name=\"your-message\"><textarea cols=\"40\" rows=\"10\" maxlength=\"2000\" class=\"wpcf7-form-control wpcf7-textarea wpcf7-validates-as-required\" aria-required=\"true\" aria-invalid=\"false\" name=\"your-message\"><\/textarea><\/span> <\/label>\n<\/p>\n<p>* CAMPOS OBLIGATORIOS\n<\/p>\n<p><input class=\"wpcf7-form-control wpcf7-submit has-spinner\" type=\"submit\" value=\"ENVIAR\" \/>\n<\/p><p style=\"display: none !important;\" class=\"akismet-fields-container\" data-prefix=\"_wpcf7_ak_\"><label>&#916;<textarea name=\"_wpcf7_ak_hp_textarea\" cols=\"45\" rows=\"8\" maxlength=\"100\"><\/textarea><\/label><input type=\"hidden\" id=\"ak_js_1\" name=\"_wpcf7_ak_js\" value=\"89\"\/><script>document.getElementById( \"ak_js_1\" ).setAttribute( \"value\", ( new Date() ).getTime() );<\/script><\/p><div class=\"fusion-alert alert custom alert-custom fusion-alert-center wpcf7-response-output fusion-alert-capitalize alert-dismissable\" style=\"border-width:1px;\"><button type=\"button\" class=\"close toggle-alert\" data-dismiss=\"alert\" aria-hidden=\"true\">&times;<\/button><div class=\"fusion-alert-content-wrapper\"><span class=\"fusion-alert-content\"><\/span><\/div><\/div>\n<\/form>\n<\/div>\n<div class=\"fusion-clearfix\"><\/div><\/div><\/div><\/div><\/div><\/p>\n","protected":false},"excerpt":{"rendered":"","protected":false},"author":1,"featured_media":0,"parent":0,"menu_order":0,"comment_status":"closed","ping_status":"closed","template":"100-width.php","meta":{"footnotes":""},"class_list":["post-9","page","type-page","status-publish","hentry"],"yoast_head":"<!-- This site is optimized with the Yoast SEO plugin v27.4 - https:\/\/yoast.com\/product\/yoast-seo-wordpress\/ -->\n<title>Contacto - FCX3&reg; V&aacute;lvulas y Controles<\/title>\n<meta name=\"robots\" content=\"index, follow, max-snippet:-1, max-image-preview:large, max-video-preview:-1\" \/>\n<link rel=\"canonical\" href=\"https:\/\/www.fcx3.com\/es\/contacto\/\" \/>\n<meta property=\"og:locale\" content=\"es_ES\" \/>\n<meta property=\"og:type\" content=\"article\" \/>\n<meta property=\"og:title\" content=\"Contacto - FCX3&reg; V&aacute;lvulas y Controles\" \/>\n<meta property=\"og:url\" content=\"https:\/\/www.fcx3.com\/es\/contacto\/\" \/>\n<meta property=\"og:site_name\" content=\"FCX3&reg; V&aacute;lvulas y Controles\" \/>\n<meta property=\"article:modified_time\" content=\"2018-02-24T20:38:48+00:00\" \/>\n<meta name=\"twitter:card\" content=\"summary_large_image\" \/>\n<meta name=\"twitter:label1\" content=\"Tiempo de lectura\" \/>\n\t<meta name=\"twitter:data1\" content=\"3 minutos\" \/>\n<script type=\"application\/ld+json\" class=\"yoast-schema-graph\">{\"@context\":\"https:\\\/\\\/schema.org\",\"@graph\":[{\"@type\":\"WebPage\",\"@id\":\"https:\\\/\\\/www.fcx3.com\\\/es\\\/contacto\\\/\",\"url\":\"https:\\\/\\\/www.fcx3.com\\\/es\\\/contacto\\\/\",\"name\":\"Contacto - FCX3&reg; V&aacute;lvulas y Controles\",\"isPartOf\":{\"@id\":\"https:\\\/\\\/www.fcx3.com\\\/es\\\/#website\"},\"datePublished\":\"2017-12-27T23:37:29+00:00\",\"dateModified\":\"2018-02-24T20:38:48+00:00\",\"breadcrumb\":{\"@id\":\"https:\\\/\\\/www.fcx3.com\\\/es\\\/contacto\\\/#breadcrumb\"},\"inLanguage\":\"es-CO\",\"potentialAction\":[{\"@type\":\"ReadAction\",\"target\":[\"https:\\\/\\\/www.fcx3.com\\\/es\\\/contacto\\\/\"]}]},{\"@type\":\"BreadcrumbList\",\"@id\":\"https:\\\/\\\/www.fcx3.com\\\/es\\\/contacto\\\/#breadcrumb\",\"itemListElement\":[{\"@type\":\"ListItem\",\"position\":1,\"name\":\"Home\",\"item\":\"https:\\\/\\\/www.fcx3.com\\\/es\\\/\"},{\"@type\":\"ListItem\",\"position\":2,\"name\":\"Contacto\"}]},{\"@type\":\"WebSite\",\"@id\":\"https:\\\/\\\/www.fcx3.com\\\/es\\\/#website\",\"url\":\"https:\\\/\\\/www.fcx3.com\\\/es\\\/\",\"name\":\"FCX3&reg; V&aacute;lvulas y Controles\",\"description\":\"V&aacute;lvulas y controles resistentes, fabricados para durar. &trade;\",\"potentialAction\":[{\"@type\":\"SearchAction\",\"target\":{\"@type\":\"EntryPoint\",\"urlTemplate\":\"https:\\\/\\\/www.fcx3.com\\\/es\\\/?s={search_term_string}\"},\"query-input\":{\"@type\":\"PropertyValueSpecification\",\"valueRequired\":true,\"valueName\":\"search_term_string\"}}],\"inLanguage\":\"es-CO\"}]}<\/script>\n<!-- \/ Yoast SEO plugin. -->","yoast_head_json":{"title":"Contacto - FCX3&reg; V&aacute;lvulas y Controles","robots":{"index":"index","follow":"follow","max-snippet":"max-snippet:-1","max-image-preview":"max-image-preview:large","max-video-preview":"max-video-preview:-1"},"canonical":"https:\/\/www.fcx3.com\/es\/contacto\/","og_locale":"es_ES","og_type":"article","og_title":"Contacto - FCX3&reg; V&aacute;lvulas y Controles","og_url":"https:\/\/www.fcx3.com\/es\/contacto\/","og_site_name":"FCX3&reg; V&aacute;lvulas y Controles","article_modified_time":"2018-02-24T20:38:48+00:00","twitter_card":"summary_large_image","twitter_misc":{"Tiempo de lectura":"3 minutos"},"schema":{"@context":"https:\/\/schema.org","@graph":[{"@type":"WebPage","@id":"https:\/\/www.fcx3.com\/es\/contacto\/","url":"https:\/\/www.fcx3.com\/es\/contacto\/","name":"Contacto - FCX3&reg; V&aacute;lvulas y Controles","isPartOf":{"@id":"https:\/\/www.fcx3.com\/es\/#website"},"datePublished":"2017-12-27T23:37:29+00:00","dateModified":"2018-02-24T20:38:48+00:00","breadcrumb":{"@id":"https:\/\/www.fcx3.com\/es\/contacto\/#breadcrumb"},"inLanguage":"es-CO","potentialAction":[{"@type":"ReadAction","target":["https:\/\/www.fcx3.com\/es\/contacto\/"]}]},{"@type":"BreadcrumbList","@id":"https:\/\/www.fcx3.com\/es\/contacto\/#breadcrumb","itemListElement":[{"@type":"ListItem","position":1,"name":"Home","item":"https:\/\/www.fcx3.com\/es\/"},{"@type":"ListItem","position":2,"name":"Contacto"}]},{"@type":"WebSite","@id":"https:\/\/www.fcx3.com\/es\/#website","url":"https:\/\/www.fcx3.com\/es\/","name":"FCX3&reg; V&aacute;lvulas y Controles","description":"V&aacute;lvulas y controles resistentes, fabricados para durar. &trade;","potentialAction":[{"@type":"SearchAction","target":{"@type":"EntryPoint","urlTemplate":"https:\/\/www.fcx3.com\/es\/?s={search_term_string}"},"query-input":{"@type":"PropertyValueSpecification","valueRequired":true,"valueName":"search_term_string"}}],"inLanguage":"es-CO"}]}},"_links":{"self":[{"href":"https:\/\/www.fcx3.com\/es\/wp-json\/wp\/v2\/pages\/9","targetHints":{"allow":["GET"]}}],"collection":[{"href":"https:\/\/www.fcx3.com\/es\/wp-json\/wp\/v2\/pages"}],"about":[{"href":"https:\/\/www.fcx3.com\/es\/wp-json\/wp\/v2\/types\/page"}],"author":[{"embeddable":true,"href":"https:\/\/www.fcx3.com\/es\/wp-json\/wp\/v2\/users\/1"}],"replies":[{"embeddable":true,"href":"https:\/\/www.fcx3.com\/es\/wp-json\/wp\/v2\/comments?post=9"}],"version-history":[{"count":10,"href":"https:\/\/www.fcx3.com\/es\/wp-json\/wp\/v2\/pages\/9\/revisions"}],"predecessor-version":[{"id":336,"href":"https:\/\/www.fcx3.com\/es\/wp-json\/wp\/v2\/pages\/9\/revisions\/336"}],"wp:attachment":[{"href":"https:\/\/www.fcx3.com\/es\/wp-json\/wp\/v2\/media?parent=9"}],"curies":[{"name":"wp","href":"https:\/\/api.w.org\/{rel}","templated":true}]}}